{"id":857,"date":"2018-06-07T13:02:21","date_gmt":"2018-06-07T11:02:21","guid":{"rendered":"https:\/\/campingdeharmienehoeve.nl\/toeristisch-kamperen\/"},"modified":"2019-01-06T11:25:41","modified_gmt":"2019-01-06T10:25:41","slug":"toeristisch-kamperen","status":"publish","type":"page","link":"https:\/\/www.campingdeharmienehoeve.nl\/de\/toeristisch-kamperen\/","title":{"rendered":"Caravans en Campers"},"content":{"rendered":"<p>Unsere wundersch\u00f6n ger\u00e4umigen Stellpl\u00e4tze haben alle einen sch\u00f6nen Blick ins Gr\u00fcne. Vorzugspl\u00e4tze in der N\u00e4he des Spielplatzes sind auch die sanit\u00e4ren Einrichtungen m\u00f6glich.<\/p>\n<p>\u2022 Es gibt Pl\u00e4tze mit (Halb-) Schatten sowie sonnige Pl\u00e4tze auf dem Campingplatz &#8216;De Harmienehoeve&#8217;.<\/p>\n<p>Wir bieten Ihnen sehr komfortable Pl\u00e4tze an, die voll ausgestattet sind.<\/p>\n<p>\u2022 eigener Wasserhahn<br \/>\n\u2022 eigener Abfluss<br \/>\n\u2022 Strom bis zu 16 Amp.<br \/>\n\u2022 ger\u00e4umige Stellpl\u00e4tze von 100m2<br \/>\n\u2022 Kostenloses WIFI<br \/>\n\u2022 Ihr Hund ist ebenfalls willkommen, vorausgesetzt, er ist zu jeder Zeit an der Leine und wird au\u00dferhalb des Campingplatzes gelassen.<\/p>","protected":false},"excerpt":{"rendered":"<p>Unsere wundersch\u00f6n ger\u00e4umigen Stellpl\u00e4tze haben alle einen sch\u00f6nen Blick ins Gr\u00fcne. Vorzugspl\u00e4tze in der N\u00e4he des Spielplatzes sind auch die sanit\u00e4ren Einrichtungen m\u00f6glich. \u2022 Es gibt Pl\u00e4tze mit (Halb-) Schatten sowie sonnige Pl\u00e4tze auf dem Campingplatz &#8216;De Harmienehoeve&#8217;. Wir bieten Ihnen sehr komfortable Pl\u00e4tze an, die voll ausgestattet sind. \u2022 eigener Wasserhahn \u2022 eigener Abfluss [&hellip;]<\/p>\n","protected":false},"author":2,"featured_media":653,"parent":0,"menu_order":0,"comment_status":"closed","ping_status":"closed","template":"","meta":{"_acf_changed":false,"footnotes":""},"class_list":["post-857","page","type-page","status-publish","has-post-thumbnail","hentry","wordpress-sticky"],"acf":[],"_links":{"self":[{"href":"https:\/\/www.campingdeharmienehoeve.nl\/de\/wp-json\/wp\/v2\/pages\/857","targetHints":{"allow":["GET"]}}],"collection":[{"href":"https:\/\/www.campingdeharmienehoeve.nl\/de\/wp-json\/wp\/v2\/pages"}],"about":[{"href":"https:\/\/www.campingdeharmienehoeve.nl\/de\/wp-json\/wp\/v2\/types\/page"}],"author":[{"embeddable":true,"href":"https:\/\/www.campingdeharmienehoeve.nl\/de\/wp-json\/wp\/v2\/users\/2"}],"replies":[{"embeddable":true,"href":"https:\/\/www.campingdeharmienehoeve.nl\/de\/wp-json\/wp\/v2\/comments?post=857"}],"version-history":[{"count":0,"href":"https:\/\/www.campingdeharmienehoeve.nl\/de\/wp-json\/wp\/v2\/pages\/857\/revisions"}],"wp:featuredmedia":[{"embeddable":true,"href":"https:\/\/www.campingdeharmienehoeve.nl\/de\/wp-json\/wp\/v2\/media\/653"}],"wp:attachment":[{"href":"https:\/\/www.campingdeharmienehoeve.nl\/de\/wp-json\/wp\/v2\/media?parent=857"}],"curies":[{"name":"wp","href":"https:\/\/api.w.org\/{rel}","templated":true}]}}