{"id":744,"date":"2018-12-13T11:09:21","date_gmt":"2018-12-13T10:09:21","guid":{"rendered":"https:\/\/campingdeharmienehoeve.nl\/?page_id=744"},"modified":"2025-12-03T22:57:45","modified_gmt":"2025-12-03T21:57:45","slug":"acsickeadac-kaart","status":"publish","type":"page","link":"https:\/\/www.campingdeharmienehoeve.nl\/de\/kamperen\/acsickeadac-kaart\/","title":{"rendered":"ACSI CampingCard"},"content":{"rendered":"<p>ACSI -CampingCard wordt in de volgende periodes geaccepteerd:<\/p>\n<p>&nbsp;<\/p>\n<p>Van\u00a0 \u00a0 \u00a0 \u00a0 \u00a0 \u00a0 \u00a0 \u00a0 \u00a0 \u00a0 \u00a0 \u00a0 \u00a0Tot<\/p>\n<p>01\/03\/2026 &#8211; 31\/03\/2026<\/p>\n<p>08\/04\/2026 &#8211; 30\/04\/2026<\/p>\n<p>05\/05\/2026 &#8211; 12\/05\/2026<\/p>\n<p>27\/05\/2026 &#8211; 02\/06\/2026<\/p>\n<p>09\/06\/2026 &#8211; 06\/07\/2026<\/p>\n<p>01\/08\/2026 &#8211; 10\/08\/2026<\/p>\n<p>01\/09\/2026 &#8211; 31\/10\/2026<\/p>\n<p>&nbsp;<\/p>\n<p>Sie k\u00f6nnen w\u00e4hrend der <a href=\"https:\/\/www.campingdeharmienehoeve.nl\/de\/boek-nu\/\">buchung<\/a>\u00a0 von <strong>ein Komfortplatz<\/strong> aangeven dat u een ACSI kaart heeft. Korting wordt niet achteraf op uw boeking toegepast.<\/p>\n<p>Achtung! Sie m\u00fcssen bei der Ankunft eine g\u00fcltige (physische) Erm\u00e4\u00dfigungskarte vorlegen k\u00f6nnen, andernfalls wird der Preis berechnet <em>ohne<\/em> Rabatt<\/p>\n<p>Preis ist <strong>einschlie\u00dflich:<\/strong><\/p>\n<ul>\n<li>1 Wohnwagen, Wohnmobil oder Zelt<\/li>\n<li>2 (max.) Erwachsene Personen<\/li>\n<li>6 amp\u00e8re elektriciteit en een maximaal verbruik van 4 kWh per nacht, meerverbruik tegen dagprijs<\/li>\n<li>Mogelijkheid 6 amp\u00e8re uit te breiden tot 10 amp\u00e8re (indien mogelijk)<\/li>\n<li>Duschguthaben +\/- 5 Minuten p.p.p.n. f\u00fcr die ersten 2 Personen **<\/li>\n<li>Toegangscode voor de wifi voor 2 apparaten<\/li>\n<\/ul>\n<p>Preis ist <strong>exklusiv<\/strong>:<\/p>\n<ul>\n<li>Toeristenbelasting \u00e1 \u20ac1,60 p.p.p.n<\/li>\n<li>Zus\u00e4tzliche Personen (Hausstand)<\/li>\n<li>Huisdier (toegestaan mits aangelijnd), de eerste hond is gratis<\/li>\n<li>Borg voor de Sepcard van\u00a0 \u20ac 10,00<\/li>\n<li>Eventuell anfallende Administrationskosten<\/li>\n<li style=\"list-style-type: none;\"><\/li>\n<\/ul>\n<p>&nbsp;<\/p>\n<p>*\u00a0 \u00a0Komfortpl\u00e4tze mit Privatsanit\u00e4r und Mietunterk\u00fcnfte sind von Erm\u00e4\u00dfigungskarten ausgenommen), Diese k\u00f6nnen Sie nicht mit Erm\u00e4\u00dfigung buchen.<\/p>\n<p>** Das verbleibende Duschguthaben wird nicht zur\u00fcckerstattet.<\/p>\n<p><img loading=\"lazy\" decoding=\"async\" class=\"alignnone wp-image-801 size-full\" src=\"http:\/\/campingdeharmienehoeve.nl\/wp-content\/uploads\/2018\/12\/cc.png\" alt=\"CampingCard ACSI\" width=\"64\" height=\"50\" \/><\/p>","protected":false},"excerpt":{"rendered":"<p>ACSI -CampingCard wordt in de volgende periodes geaccepteerd: &nbsp; Van\u00a0 \u00a0 \u00a0 \u00a0 \u00a0 \u00a0 \u00a0 \u00a0 \u00a0 \u00a0 \u00a0 \u00a0 \u00a0Tot 01\/03\/2026 &#8211; 31\/03\/2026 08\/04\/2026 &#8211; 30\/04\/2026 05\/05\/2026 &#8211; 12\/05\/2026 27\/05\/2026 &#8211; 02\/06\/2026 09\/06\/2026 &#8211; 06\/07\/2026 01\/08\/2026 &#8211; 10\/08\/2026 01\/09\/2026 &#8211; 31\/10\/2026 &nbsp; U kunt tijdens het boeken\u00a0 van een Comfortplaats* aangeven dat u [&hellip;]<\/p>\n","protected":false},"author":2,"featured_media":474,"parent":237,"menu_order":0,"comment_status":"closed","ping_status":"closed","template":"","meta":{"_acf_changed":false,"footnotes":""},"class_list":["post-744","page","type-page","status-publish","has-post-thumbnail","hentry","wordpress-sticky"],"acf":[],"_links":{"self":[{"href":"https:\/\/www.campingdeharmienehoeve.nl\/de\/wp-json\/wp\/v2\/pages\/744","targetHints":{"allow":["GET"]}}],"collection":[{"href":"https:\/\/www.campingdeharmienehoeve.nl\/de\/wp-json\/wp\/v2\/pages"}],"about":[{"href":"https:\/\/www.campingdeharmienehoeve.nl\/de\/wp-json\/wp\/v2\/types\/page"}],"author":[{"embeddable":true,"href":"https:\/\/www.campingdeharmienehoeve.nl\/de\/wp-json\/wp\/v2\/users\/2"}],"replies":[{"embeddable":true,"href":"https:\/\/www.campingdeharmienehoeve.nl\/de\/wp-json\/wp\/v2\/comments?post=744"}],"version-history":[{"count":0,"href":"https:\/\/www.campingdeharmienehoeve.nl\/de\/wp-json\/wp\/v2\/pages\/744\/revisions"}],"up":[{"embeddable":true,"href":"https:\/\/www.campingdeharmienehoeve.nl\/de\/wp-json\/wp\/v2\/pages\/237"}],"wp:featuredmedia":[{"embeddable":true,"href":"https:\/\/www.campingdeharmienehoeve.nl\/de\/wp-json\/wp\/v2\/media\/474"}],"wp:attachment":[{"href":"https:\/\/www.campingdeharmienehoeve.nl\/de\/wp-json\/wp\/v2\/media?parent=744"}],"curies":[{"name":"wp","href":"https:\/\/api.w.org\/{rel}","templated":true}]}}