{"id":452,"date":"2018-06-07T14:19:50","date_gmt":"2018-06-07T12:19:50","guid":{"rendered":"https:\/\/campingdeharmienehoeve.nl\/?page_id=452"},"modified":"2021-09-30T13:56:28","modified_gmt":"2021-09-30T11:56:28","slug":"landgasthaus-schmitz","status":"publish","type":"page","link":"https:\/\/www.campingdeharmienehoeve.nl\/de\/omgeving-van-de-camping\/landgasthaus-schmitz\/","title":{"rendered":"Landgasthaus Schmitz"},"content":{"rendered":"<p>Suchen Sie ein Restaurant, das Sie bequem mit dem Fahrrad erreichen k\u00f6nnen? Dann ab ins \u201eLandgasthaus Schmitz\u201c. Dieser befindet sich gleich hinter der Grenze in Barlo, mit dem Fahrrad erreichbar von Camping de Harmienehoeve. Das Landgasthaus Schmitz ist genau das, was Sie von einem Landgasthaus erwarten d\u00fcrfen: leckere Steaks, Schnitzel und nat\u00fcrlich Bratkartoffeln. Hier k\u00f6nnen Sie auch w\u00e4hrend Ihrer Radtour auf ein St\u00fcck Kuchen vorbeikommen.<\/p>\n<p><a href=\"https:\/\/www.landgasthaus-schmitz-bocholt.de\/\" target=\"_blank\" rel=\"noopener\"><strong>Zur Website des Landgasthauses Schmitz<\/strong><\/a><\/p>","protected":false},"excerpt":{"rendered":"<p>Op zoek naar een restaurant waar u zo heen kunt fietsen? Ga dan naar het typisch Duitse restaurant &#8220;Landgasthaus Schmitz&#8221;. Dit ligt net over de grens in Bocholt, op fietsafstand van Camping de Harmienehoeve. Het Landgasthaus Schmitz is precies wat u van een Duits restaurant verwacht: heerlijke biefstuk, Duitse schnitzels en natuurlijk typisch Duitse &#8220;Bratkartoffeln&#8221;. [&hellip;]<\/p>\n","protected":false},"author":2,"featured_media":614,"parent":241,"menu_order":0,"comment_status":"closed","ping_status":"closed","template":"","meta":{"_acf_changed":false,"footnotes":""},"class_list":["post-452","page","type-page","status-publish","has-post-thumbnail","hentry","wordpress-sticky"],"acf":[],"_links":{"self":[{"href":"https:\/\/www.campingdeharmienehoeve.nl\/de\/wp-json\/wp\/v2\/pages\/452","targetHints":{"allow":["GET"]}}],"collection":[{"href":"https:\/\/www.campingdeharmienehoeve.nl\/de\/wp-json\/wp\/v2\/pages"}],"about":[{"href":"https:\/\/www.campingdeharmienehoeve.nl\/de\/wp-json\/wp\/v2\/types\/page"}],"author":[{"embeddable":true,"href":"https:\/\/www.campingdeharmienehoeve.nl\/de\/wp-json\/wp\/v2\/users\/2"}],"replies":[{"embeddable":true,"href":"https:\/\/www.campingdeharmienehoeve.nl\/de\/wp-json\/wp\/v2\/comments?post=452"}],"version-history":[{"count":0,"href":"https:\/\/www.campingdeharmienehoeve.nl\/de\/wp-json\/wp\/v2\/pages\/452\/revisions"}],"up":[{"embeddable":true,"href":"https:\/\/www.campingdeharmienehoeve.nl\/de\/wp-json\/wp\/v2\/pages\/241"}],"wp:featuredmedia":[{"embeddable":true,"href":"https:\/\/www.campingdeharmienehoeve.nl\/de\/wp-json\/wp\/v2\/media\/614"}],"wp:attachment":[{"href":"https:\/\/www.campingdeharmienehoeve.nl\/de\/wp-json\/wp\/v2\/media?parent=452"}],"curies":[{"name":"wp","href":"https:\/\/api.w.org\/{rel}","templated":true}]}}