{"id":450,"date":"2018-06-07T14:17:54","date_gmt":"2018-06-07T12:17:54","guid":{"rendered":"https:\/\/campingdeharmienehoeve.nl\/?page_id=450"},"modified":"2020-08-31T10:49:08","modified_gmt":"2020-08-31T08:49:08","slug":"sanitair","status":"publish","type":"page","link":"https:\/\/www.campingdeharmienehoeve.nl\/de\/voorzieningen\/sanitair\/","title":{"rendered":"Sanit\u00e4r"},"content":{"rendered":"<p>Die Sanit\u00e4ranlagen im Hauptgeb\u00e4ude sind komplett mit Fu\u00dfbodenheizung ausgestattet.<\/p>\n<p>Wir nutzen das SEP-Kartensystem, d.h. Sie erhalten von uns bei Anreise eine Karte mit Duschguthaben. Diese Karte k\u00f6nnen Sie dannach auch selbst aufladen. Dieses extra Guthaben erm\u00f6glicht es, noch l\u00e4nger zu duschen, zum W\u00e4sche waschen oder zum W\u00e4sche trocknen.<\/p>\n<p>Auf dem Campingplatz gibt es auch einen Waschsalon. Es gibt zwei Waschmaschinen und zwei Trockner. Wir verwenden Miele-Maschinen. Die Bezahlung erfolgt wie beschrieben \u00fcber das SEP-Kartensystem.<\/p>","protected":false},"excerpt":{"rendered":"<p>Het sanitair is geheel voorzien van vloerverwarming. We maken gebruik van het SEP kaart systeem, wat inhoud dat u bij de aankomst een kaart van ons ontvangt. Deze kaart kunt u vervolgens opwaarderen. Dit tegoed maakt het mogelijk te kunnen douchen, wassen of drogen. Tevens is er ook een wasserette aanwezig op de camping. Er [&hellip;]<\/p>\n","protected":false},"author":2,"featured_media":819,"parent":239,"menu_order":0,"comment_status":"closed","ping_status":"closed","template":"","meta":{"_acf_changed":false,"footnotes":""},"class_list":["post-450","page","type-page","status-publish","has-post-thumbnail","hentry","wordpress-sticky"],"acf":[],"_links":{"self":[{"href":"https:\/\/www.campingdeharmienehoeve.nl\/de\/wp-json\/wp\/v2\/pages\/450","targetHints":{"allow":["GET"]}}],"collection":[{"href":"https:\/\/www.campingdeharmienehoeve.nl\/de\/wp-json\/wp\/v2\/pages"}],"about":[{"href":"https:\/\/www.campingdeharmienehoeve.nl\/de\/wp-json\/wp\/v2\/types\/page"}],"author":[{"embeddable":true,"href":"https:\/\/www.campingdeharmienehoeve.nl\/de\/wp-json\/wp\/v2\/users\/2"}],"replies":[{"embeddable":true,"href":"https:\/\/www.campingdeharmienehoeve.nl\/de\/wp-json\/wp\/v2\/comments?post=450"}],"version-history":[{"count":0,"href":"https:\/\/www.campingdeharmienehoeve.nl\/de\/wp-json\/wp\/v2\/pages\/450\/revisions"}],"up":[{"embeddable":true,"href":"https:\/\/www.campingdeharmienehoeve.nl\/de\/wp-json\/wp\/v2\/pages\/239"}],"wp:featuredmedia":[{"embeddable":true,"href":"https:\/\/www.campingdeharmienehoeve.nl\/de\/wp-json\/wp\/v2\/media\/819"}],"wp:attachment":[{"href":"https:\/\/www.campingdeharmienehoeve.nl\/de\/wp-json\/wp\/v2\/media?parent=450"}],"curies":[{"name":"wp","href":"https:\/\/api.w.org\/{rel}","templated":true}]}}