{"id":444,"date":"2018-06-07T14:15:36","date_gmt":"2018-06-07T12:15:36","guid":{"rendered":"https:\/\/campingdeharmienehoeve.nl\/?page_id=444"},"modified":"2021-09-30T13:52:53","modified_gmt":"2021-09-30T11:52:53","slug":"kaasboerderij-de-harmienehoeve","status":"publish","type":"page","link":"https:\/\/www.campingdeharmienehoeve.nl\/de\/omgeving-van-de-camping\/kaasboerderij-de-harmienehoeve\/","title":{"rendered":"K\u00e4serei De Harmienehoeve"},"content":{"rendered":"<p>Unser Nachbar Kaasboerderij De Harmienehoeve ist ideal, um (h)ehrlichen K\u00e4se zu kaufen. Denken Sie an Brennnessel, Knoblauch, B\u00e4rlauch, gereiften, jungen, alten, mehrj\u00e4hrigen (zerbr\u00f6ckelten) K\u00e4se und noch mehr Sorten. Sie k\u00f6nnen hier auch Senf und Eier kaufen. Tipp: Bestellen Sie einen ihrer leckeren Pfannkuchen!<\/p>","protected":false},"excerpt":{"rendered":"<p>Unser Nachbar Kaasboerderij De Harmienehoeve ist ideal, um (h)ehrlichen K\u00e4se zu kaufen. Denken Sie an Brennnessel, Knoblauch, B\u00e4rlauch, gereiften, jungen, alten, mehrj\u00e4hrigen (zerbr\u00f6ckelten) K\u00e4se und noch mehr Sorten. Sie k\u00f6nnen hier auch Senf und Eier kaufen. Tipp: Bestellen Sie einen ihrer leckeren Pfannkuchen!<\/p>","protected":false},"author":2,"featured_media":611,"parent":241,"menu_order":0,"comment_status":"closed","ping_status":"closed","template":"","meta":{"_acf_changed":false,"footnotes":""},"class_list":["post-444","page","type-page","status-publish","has-post-thumbnail","hentry","wordpress-sticky"],"acf":[],"_links":{"self":[{"href":"https:\/\/www.campingdeharmienehoeve.nl\/de\/wp-json\/wp\/v2\/pages\/444","targetHints":{"allow":["GET"]}}],"collection":[{"href":"https:\/\/www.campingdeharmienehoeve.nl\/de\/wp-json\/wp\/v2\/pages"}],"about":[{"href":"https:\/\/www.campingdeharmienehoeve.nl\/de\/wp-json\/wp\/v2\/types\/page"}],"author":[{"embeddable":true,"href":"https:\/\/www.campingdeharmienehoeve.nl\/de\/wp-json\/wp\/v2\/users\/2"}],"replies":[{"embeddable":true,"href":"https:\/\/www.campingdeharmienehoeve.nl\/de\/wp-json\/wp\/v2\/comments?post=444"}],"version-history":[{"count":0,"href":"https:\/\/www.campingdeharmienehoeve.nl\/de\/wp-json\/wp\/v2\/pages\/444\/revisions"}],"up":[{"embeddable":true,"href":"https:\/\/www.campingdeharmienehoeve.nl\/de\/wp-json\/wp\/v2\/pages\/241"}],"wp:featuredmedia":[{"embeddable":true,"href":"https:\/\/www.campingdeharmienehoeve.nl\/de\/wp-json\/wp\/v2\/media\/611"}],"wp:attachment":[{"href":"https:\/\/www.campingdeharmienehoeve.nl\/de\/wp-json\/wp\/v2\/media?parent=444"}],"curies":[{"name":"wp","href":"https:\/\/api.w.org\/{rel}","templated":true}]}}