{"id":436,"date":"2018-06-07T14:03:05","date_gmt":"2018-06-07T12:03:05","guid":{"rendered":"https:\/\/campingdeharmienehoeve.nl\/?page_id=436"},"modified":"2021-09-30T13:52:16","modified_gmt":"2021-09-30T11:52:16","slug":"bekkendelle","status":"publish","type":"page","link":"https:\/\/www.campingdeharmienehoeve.nl\/de\/omgeving-van-de-camping\/bekkendelle\/","title":{"rendered":"Bekkendelle"},"content":{"rendered":"<p>Die Bekkendelle liegt in der N\u00e4he von Camping de Harmienehoeve. Dies ist ein wundersch\u00f6ner Wald mit einem Naturschutzgebiet, in dem Sie spazieren gehen k\u00f6nnen.<\/p>\n<p>Das Naturschutzgebiet besteht aus einem gro\u00dfen Wald, ist aber vor allem f\u00fcr den Boven-Slinge-Bach bekannt. Es flie\u00dft von Deutschland zu unserem Dorf. Tipp: Gehen Sie einen Teil dieses Baches hinunter und Sie werden auf viele verschiedene Landschaften sto\u00dfen. Neben dem Bach befindet sich ein Wanderweg, sodass Sie sich keine Sorgen machen m\u00fcssen, sich zu verirren.<\/p>\n<p>Kommen Sie im Fr\u00fchling? Dann sehen Sie in Bekkendelle den seltenen waldgelben Stern, die schlanke Primel und das Moschuskraut. Kommen Sie im Herbst zu uns auf den Campingplatz? Dann finden Sie die Boven-Slinge ganz anders. Bei regnerischem Herbstwetter flie\u00dft die Boven-Slinge sehr wild. Es tritt auch regelm\u00e4\u00dfig \u00fcber seine Ufer. Zum Gl\u00fcck ist der Wanderweg hoch. Damit Sie keine nassen F\u00fc\u00dfe bekommen.<\/p>","protected":false},"excerpt":{"rendered":"<p>In de buurt van Camping de Harmienehoeve ligt de Bekkendelle. Dit is een schitterend bos met natuurreservaat waar u heerlijk kunt wandelen. Het natuurreservaat bestaat uit een groot bos, maar is vooral bekend vanwege de beek Boven-Slinge. Die stroomt vanuit Duitsland naar ons dorp toe. Tip: loop een deel van deze beek af, dan komt [&hellip;]<\/p>\n","protected":false},"author":2,"featured_media":608,"parent":241,"menu_order":0,"comment_status":"closed","ping_status":"closed","template":"","meta":{"_acf_changed":false,"footnotes":""},"class_list":["post-436","page","type-page","status-publish","has-post-thumbnail","hentry","wordpress-sticky"],"acf":[],"_links":{"self":[{"href":"https:\/\/www.campingdeharmienehoeve.nl\/de\/wp-json\/wp\/v2\/pages\/436","targetHints":{"allow":["GET"]}}],"collection":[{"href":"https:\/\/www.campingdeharmienehoeve.nl\/de\/wp-json\/wp\/v2\/pages"}],"about":[{"href":"https:\/\/www.campingdeharmienehoeve.nl\/de\/wp-json\/wp\/v2\/types\/page"}],"author":[{"embeddable":true,"href":"https:\/\/www.campingdeharmienehoeve.nl\/de\/wp-json\/wp\/v2\/users\/2"}],"replies":[{"embeddable":true,"href":"https:\/\/www.campingdeharmienehoeve.nl\/de\/wp-json\/wp\/v2\/comments?post=436"}],"version-history":[{"count":0,"href":"https:\/\/www.campingdeharmienehoeve.nl\/de\/wp-json\/wp\/v2\/pages\/436\/revisions"}],"up":[{"embeddable":true,"href":"https:\/\/www.campingdeharmienehoeve.nl\/de\/wp-json\/wp\/v2\/pages\/241"}],"wp:featuredmedia":[{"embeddable":true,"href":"https:\/\/www.campingdeharmienehoeve.nl\/de\/wp-json\/wp\/v2\/media\/608"}],"wp:attachment":[{"href":"https:\/\/www.campingdeharmienehoeve.nl\/de\/wp-json\/wp\/v2\/media?parent=436"}],"curies":[{"name":"wp","href":"https:\/\/api.w.org\/{rel}","templated":true}]}}