{"id":431,"date":"2018-06-07T13:56:43","date_gmt":"2018-06-07T11:56:43","guid":{"rendered":"https:\/\/campingdeharmienehoeve.nl\/?page_id=431"},"modified":"2021-09-30T14:03:24","modified_gmt":"2021-09-30T12:03:24","slug":"noaberpad","status":"publish","type":"page","link":"https:\/\/www.campingdeharmienehoeve.nl\/de\/omgeving-van-de-camping\/noaberpad\/","title":{"rendered":"Noaberpad"},"content":{"rendered":"<p>Der Noaberpad f\u00fchrt direkt am Campingplatz \u201eDe Harmienehoeve\u201c vorbei. Der Noaberpad ist ein 432 km langer Fernwanderweg zwischen Bad Nieuweschans in Groningen und Kleve, kurz hinter der deutschen Grenze bei Nijmegen. Eine der Etappen f\u00fchrt an unserem Campingplatz vorbei. Dies macht uns zu einem hervorragenden Ausgangspunkt oder \u00dcbernachtungsort f\u00fcr diese Route.<\/p>\n<p>Gehen Sie das gesamte Noaberpad zu Fu\u00df? Dann w\u00fcnschen wir Ihnen viel Gl\u00fcck! Nat\u00fcrlich k\u00f6nnen Sie mit Ihrem Wohnwagen oder Zelt zum Camping de Harmienehoeve kommen, aber Sie k\u00f6nnen auch in einer unserer Wanderh\u00fctten \u00fcbernachten.<\/p>","protected":false},"excerpt":{"rendered":"<p>Vlak langs camping &#8220;De Harmienehoeve&#8221; loopt het Noaberpad. Het Noaberpad is een langeafstandswandelroute van 432 km tussen Bad Nieuweschans in Groningen en Kleve, net over de Duitse grens bij Nijmegen. Een van de etappes loopt langs onze camping. Daarmee zijn wij een prima startpunt of overnachtingspunt voor deze route. Tip: als u bij ons op [&hellip;]<\/p>\n","protected":false},"author":2,"featured_media":620,"parent":241,"menu_order":0,"comment_status":"closed","ping_status":"closed","template":"","meta":{"_acf_changed":false,"footnotes":""},"class_list":["post-431","page","type-page","status-publish","has-post-thumbnail","hentry","wordpress-sticky"],"acf":[],"_links":{"self":[{"href":"https:\/\/www.campingdeharmienehoeve.nl\/de\/wp-json\/wp\/v2\/pages\/431","targetHints":{"allow":["GET"]}}],"collection":[{"href":"https:\/\/www.campingdeharmienehoeve.nl\/de\/wp-json\/wp\/v2\/pages"}],"about":[{"href":"https:\/\/www.campingdeharmienehoeve.nl\/de\/wp-json\/wp\/v2\/types\/page"}],"author":[{"embeddable":true,"href":"https:\/\/www.campingdeharmienehoeve.nl\/de\/wp-json\/wp\/v2\/users\/2"}],"replies":[{"embeddable":true,"href":"https:\/\/www.campingdeharmienehoeve.nl\/de\/wp-json\/wp\/v2\/comments?post=431"}],"version-history":[{"count":0,"href":"https:\/\/www.campingdeharmienehoeve.nl\/de\/wp-json\/wp\/v2\/pages\/431\/revisions"}],"up":[{"embeddable":true,"href":"https:\/\/www.campingdeharmienehoeve.nl\/de\/wp-json\/wp\/v2\/pages\/241"}],"wp:featuredmedia":[{"embeddable":true,"href":"https:\/\/www.campingdeharmienehoeve.nl\/de\/wp-json\/wp\/v2\/media\/620"}],"wp:attachment":[{"href":"https:\/\/www.campingdeharmienehoeve.nl\/de\/wp-json\/wp\/v2\/media?parent=431"}],"curies":[{"name":"wp","href":"https:\/\/api.w.org\/{rel}","templated":true}]}}