{"id":427,"date":"2018-06-07T13:42:38","date_gmt":"2018-06-07T11:42:38","guid":{"rendered":"https:\/\/campingdeharmienehoeve.nl\/?page_id=427"},"modified":"2021-09-30T13:46:11","modified_gmt":"2021-09-30T11:46:11","slug":"achterwooldse-klompenpad","status":"publish","type":"page","link":"https:\/\/www.campingdeharmienehoeve.nl\/de\/omgeving-van-de-camping\/achterwooldse-klompenpad\/","title":{"rendered":"Achterwooldse Klompenpad"},"content":{"rendered":"<p>Der Achterwooldse Klompenpad verl\u00e4uft am Campingplatz De Harmienehoeve vorbei. Dieser Weg ist 10 km pures Wandervergn\u00fcgen. Ideal f\u00fcr einen sch\u00f6nen Spaziergang von unserem Campingplatz aus! Parken Sie also Ihren Wohnwagen oder Ihr Wohnmobil bei uns oder mieten Sie eine Wanderh\u00fctte und erkunden Sie diesen vielseitigen Klompenpad.<\/p>\n<p>Wanderschuhe an, Rucksack auf und los!<\/p>\n<p><a href=\"https:\/\/klompenpaden.nl\/wp-content\/uploads\/2020-09-23-Achterwooldsepad-liggend_200dpi-1.pdf\" target=\"_blank\" rel=\"noopener\">Laden Sie die Route hier herunter<\/a><\/p>","protected":false},"excerpt":{"rendered":"<p>Langs camping De Harmienehoeve loopt het Achterwooldse Klompenpad. Dit pad is 10 km puur wandelplezier. Ideaal voor een mooie wandeltocht vanaf onze camping! Dus zet uw caravan of camper bij ons neer of huur een trekkershut en verken dit veelzijdige Klompenpad. Ontdek het unieke coulissenlandschap van de buurtschap Woold. Wandelen over een oude spoorbaan, door [&hellip;]<\/p>\n","protected":false},"author":2,"featured_media":604,"parent":241,"menu_order":0,"comment_status":"closed","ping_status":"closed","template":"","meta":{"_acf_changed":false,"footnotes":""},"class_list":["post-427","page","type-page","status-publish","has-post-thumbnail","hentry","wordpress-sticky"],"acf":[],"_links":{"self":[{"href":"https:\/\/www.campingdeharmienehoeve.nl\/de\/wp-json\/wp\/v2\/pages\/427","targetHints":{"allow":["GET"]}}],"collection":[{"href":"https:\/\/www.campingdeharmienehoeve.nl\/de\/wp-json\/wp\/v2\/pages"}],"about":[{"href":"https:\/\/www.campingdeharmienehoeve.nl\/de\/wp-json\/wp\/v2\/types\/page"}],"author":[{"embeddable":true,"href":"https:\/\/www.campingdeharmienehoeve.nl\/de\/wp-json\/wp\/v2\/users\/2"}],"replies":[{"embeddable":true,"href":"https:\/\/www.campingdeharmienehoeve.nl\/de\/wp-json\/wp\/v2\/comments?post=427"}],"version-history":[{"count":0,"href":"https:\/\/www.campingdeharmienehoeve.nl\/de\/wp-json\/wp\/v2\/pages\/427\/revisions"}],"up":[{"embeddable":true,"href":"https:\/\/www.campingdeharmienehoeve.nl\/de\/wp-json\/wp\/v2\/pages\/241"}],"wp:featuredmedia":[{"embeddable":true,"href":"https:\/\/www.campingdeharmienehoeve.nl\/de\/wp-json\/wp\/v2\/media\/604"}],"wp:attachment":[{"href":"https:\/\/www.campingdeharmienehoeve.nl\/de\/wp-json\/wp\/v2\/media?parent=427"}],"curies":[{"name":"wp","href":"https:\/\/api.w.org\/{rel}","templated":true}]}}