{"id":424,"date":"2018-06-07T13:38:34","date_gmt":"2018-06-07T11:38:34","guid":{"rendered":"https:\/\/campingdeharmienehoeve.nl\/?page_id=424"},"modified":"2021-09-30T14:06:57","modified_gmt":"2021-09-30T12:06:57","slug":"wooldse-veen","status":"publish","type":"page","link":"https:\/\/www.campingdeharmienehoeve.nl\/de\/omgeving-van-de-camping\/wooldse-veen\/","title":{"rendered":"Wooldse Ven"},"content":{"rendered":"<p>Camping \"De Harmienehoeve\" ist nur einen Steinwurf vom Wooldse Veen entfernt. Dies ist ein wundersch\u00f6nes Hochmoorgebiet in der N\u00e4he von Winterswijk. Zusammen mit dem Burlo-Vardingholter Venn auf der anderen Seite der deutschen Grenze bildet es ein riesiges St\u00fcck Natur. Hier k\u00f6nnen Sie stundenlang wandern und die Natur genie\u00dfen. Heutzutage gibt es sogar einen Naturwiederherstellungsplan f\u00fcr das Wooldse Veen. Gemeinsam sorgen die Gemeinden und Natuurmomenten daf\u00fcr, dass auch zuk\u00fcnftige Urlauber \u2013 wie Sie \u2013 diese Gegend entdecken k\u00f6nnen.<\/p>\n<h2>Gehen Sie im Wooldse Veen spazieren?<\/h2>\n<p>Durch das Wooldse Veen f\u00fchrt ein sch\u00f6ner Wanderweg. Entlang des Weges begegnen Sie besonderen Pflanzen wie Sonnentau, Lavendelheide, Kleiner Preiselbeere und Torfmoos. Auf den Torfdeichen wachsen Birken und manchmal auch Eichen. Im Fr\u00fchling sieht man mit etwas Gl\u00fcck besondere Libellen und Schmetterlinge. Andere Arten, denen Sie begegnen k\u00f6nnen, sind Blindschleiche, Heuschrecke, Schlingnatter, Dachs und Bussard.<\/p>\n<p>Das Wooldse Veen ist ein gef\u00e4hrdetes Gebiet. In den alten Torfgruben bildet sich neuer Hochtorf. Bleiben Sie deshalb immer gut auf den Trails. In der Regenzeit ist es am besten <strong>Stiefel<\/strong> an zu ziehen da die Gegend sehr matschig sein kann.<\/p>\n<h2>Oder lieber mit dem Fahrrad?<\/h2>\n<p>Im Wooldse Veen selbst k\u00f6nnen Sie nicht fahrrad fahren, aber in unmittelbarer N\u00e4he. Zwischen dem Wooldse Veen und dem Torfgebiet auf der anderen Seite der deutschen Grenze verl\u00e4uft eine alte Schmuggelroute, die jetzt als grenz\u00fcberschreitender Radweg genutzt werden kann. Die Route f\u00fchrt Sie vorbei an der Gr\u00fcnen Grenze und zahlreichen historischen alten Grenzsteinen. Informationen sind beim VVV Winterswijk erh\u00e4ltlich.<\/p>","protected":false},"excerpt":{"rendered":"<p>Camping &#8220;De Harmienehoeve&#8221; ligt op een steenworp afstand van het Wooldse Veen. Dit is een prachtig hoogveengebied bij Winterswijk. Het vormt samen met het Burlo-Vardingholter Venn aan de andere kant van de Duitse grens een uitgestrekt stuk natuur. Hier kunt u urenlang wandelen en genieten van de natuur. Tegenwoordig is er zelfs een natuurherstelplan voor [&hellip;]<\/p>\n","protected":false},"author":2,"featured_media":617,"parent":241,"menu_order":0,"comment_status":"closed","ping_status":"closed","template":"","meta":{"_acf_changed":false,"footnotes":""},"class_list":["post-424","page","type-page","status-publish","has-post-thumbnail","hentry","wordpress-sticky"],"acf":[],"_links":{"self":[{"href":"https:\/\/www.campingdeharmienehoeve.nl\/de\/wp-json\/wp\/v2\/pages\/424","targetHints":{"allow":["GET"]}}],"collection":[{"href":"https:\/\/www.campingdeharmienehoeve.nl\/de\/wp-json\/wp\/v2\/pages"}],"about":[{"href":"https:\/\/www.campingdeharmienehoeve.nl\/de\/wp-json\/wp\/v2\/types\/page"}],"author":[{"embeddable":true,"href":"https:\/\/www.campingdeharmienehoeve.nl\/de\/wp-json\/wp\/v2\/users\/2"}],"replies":[{"embeddable":true,"href":"https:\/\/www.campingdeharmienehoeve.nl\/de\/wp-json\/wp\/v2\/comments?post=424"}],"version-history":[{"count":0,"href":"https:\/\/www.campingdeharmienehoeve.nl\/de\/wp-json\/wp\/v2\/pages\/424\/revisions"}],"up":[{"embeddable":true,"href":"https:\/\/www.campingdeharmienehoeve.nl\/de\/wp-json\/wp\/v2\/pages\/241"}],"wp:featuredmedia":[{"embeddable":true,"href":"https:\/\/www.campingdeharmienehoeve.nl\/de\/wp-json\/wp\/v2\/media\/617"}],"wp:attachment":[{"href":"https:\/\/www.campingdeharmienehoeve.nl\/de\/wp-json\/wp\/v2\/media?parent=424"}],"curies":[{"name":"wp","href":"https:\/\/api.w.org\/{rel}","templated":true}]}}