{"id":401,"date":"2018-06-07T13:14:53","date_gmt":"2018-06-07T11:14:53","guid":{"rendered":"https:\/\/campingdeharmienehoeve.nl\/?page_id=401"},"modified":"2025-01-14T11:09:36","modified_gmt":"2025-01-14T10:09:36","slug":"prive-sanitair-achterhoek","status":"publish","type":"page","link":"https:\/\/www.campingdeharmienehoeve.nl\/de\/kamperen\/prive-sanitair-achterhoek\/","title":{"rendered":"Komfortplatz mit Privatsanit\u00e4r"},"content":{"rendered":"<p>Luxuscamping auf einem Campingplatz mit privaten Sanit\u00e4ranlagen im Achterhoek? Dann sind die Komfortstellpl\u00e4tze mit eigenen Sanit\u00e4ranlagen auf Camping De Harmienehoeve genau das Richtige f\u00fcr Sie!<\/p>\n<h2>Camping mit Privatsanit\u00e4r<\/h2>\n<p>Gerade in diesen Zeiten sind private Sanit\u00e4ranlagen die ideale L\u00f6sung f\u00fcr einen angenehmen Campingurlaub. Camping mit privaten Sanit\u00e4ranlagen auf unserem Campingplatz im Achterhoek bedeutet, dass Sie Ihre eigene Toilette, Dusche und Waschbecken haben. Diese befinden sich in einer kleinen Sanit\u00e4reinheit. Diese Einheit befindet sich auf Ihrem Campingplatz, sodass Sie nicht weit laufen m\u00fcssen. Die Komfortstellpl\u00e4tze sind ger\u00e4umig, sodass Sie neben Wohnmobil, Wohnwagen, Zelt und Sanit\u00e4reinheit noch gen\u00fcgend Platz haben. So k\u00f6nnen Sie in Ruhe einen wundersch\u00f6nen Urlaub im sch\u00f6nen Achterhoek genie\u00dfen.<\/p>\n<p>Let op: Pasen, Hemelvaart, Pinksteren en Corpus Christi zijn er verplichte arrangementen!<br \/>\nDe arrangementen zijn geheel of gedeeltelijk te boeken, maar worden in zijn geheel berekend.<br \/>\n&nbsp;<\/p>\n<p><a class=\"button\" href=\"https:\/\/www.campingdeharmienehoeve.nl\/de\/boek-nu\/\">Verf\u00fcgbarkeit und Preise anzeigen<\/a><\/p>\n<div class=\"rl-gallery-container rl-loading\" id=\"rl-gallery-container-1\" data-gallery_id=\"1561\"> <div class=\"rl-gallery rl-basicgrid-gallery\" id=\"rl-gallery-1\" data-gallery_no=\"1\"> <div class=\"rl-gallery-item\"><a href=\"\" style=\"cursor: default\" title=\"\" data-rl_title=\"\" class=\"rl-gallery-link\" data-rl_caption=\"\" data-rel=\"norl\"><img loading=\"lazy\" decoding=\"async\" src=\"https:\/\/www.campingdeharmienehoeve.nl\/wp-content\/uploads\/2021\/10\/110621_0068-300x200.jpg\" width=\"300\" height=\"200\" alt=\"\" \/><\/a><\/div><div class=\"rl-gallery-item\"><a href=\"\" style=\"cursor: default\" title=\"\" data-rl_title=\"\" class=\"rl-gallery-link\" data-rl_caption=\"\" data-rel=\"norl\"><img loading=\"lazy\" decoding=\"async\" src=\"https:\/\/www.campingdeharmienehoeve.nl\/wp-content\/uploads\/2020\/05\/WhatsApp-Image-2020-05-15-at-14.10.52-1-300x200.jpeg\" width=\"300\" height=\"200\" alt=\"Mooie kampeerplaatsen met priv\u00e9 sanitair\" \/><\/a><\/div><div class=\"rl-gallery-item\"><a href=\"\" style=\"cursor: default\" title=\"\" data-rl_title=\"\" class=\"rl-gallery-link\" data-rl_caption=\"\" data-rel=\"norl\"><img loading=\"lazy\" decoding=\"async\" src=\"https:\/\/www.campingdeharmienehoeve.nl\/wp-content\/uploads\/2020\/05\/WhatsApp-Image-2020-05-15-at-14.10.52-300x200.jpeg\" width=\"300\" height=\"200\" alt=\"Mooie kampeerplaatsen met priv\u00e9 sanitair\" \/><\/a><\/div><div class=\"rl-gallery-item\"><a href=\"\" style=\"cursor: default\" title=\"\" data-rl_title=\"\" class=\"rl-gallery-link\" data-rl_caption=\"\" data-rel=\"norl\"><img loading=\"lazy\" decoding=\"async\" src=\"https:\/\/www.campingdeharmienehoeve.nl\/wp-content\/uploads\/2020\/05\/WhatsApp-Image-2020-05-15-at-14.10.53-1-300x200.jpeg\" width=\"300\" height=\"200\" alt=\"Mooie kampeerplaatsen met priv\u00e9 sanitair\" \/><\/a><\/div><div class=\"rl-gallery-item\"><a href=\"\" style=\"cursor: default\" title=\"\" data-rl_title=\"\" class=\"rl-gallery-link\" data-rl_caption=\"\" data-rel=\"norl\"><img loading=\"lazy\" decoding=\"async\" src=\"https:\/\/www.campingdeharmienehoeve.nl\/wp-content\/uploads\/2021\/10\/110621_0031-300x200.jpg\" width=\"300\" height=\"200\" alt=\"\" \/><\/a><\/div> <\/div> <\/div>\n<p>&nbsp;<\/p>\n<div class=\"tommy-matrix\" data-api-key=\"harmienehoeve:0651ee70db05737d7195776455175f3f4dbd4755e13e9f87d905a63817e979b8\" data-language=\"nl\" data-accommodation=\"25225\" data-skip-to-location=\"true\" data-sales-channel=\"6301\" data-booking-url=\"https:\/\/campingdeharmienehoeve.nl\/boek-nu\/\" data-duration-type=\"periods\" data-filters=\"month,persons,durations\"><\/div>\n<p><script src=\"https:\/\/www.tommybookingsupport.com\/widget\/js\/tommy.matrix.js\" type=\"application\/javascript\" language=\"javascript\"><\/script><\/p>","protected":false},"excerpt":{"rendered":"<p>Luxe kamperen op een camping met priv\u00e9-sanitair in de Achterhoek? Dan zijn de comfortplaatsen met priv\u00e9 sanitair op Camping De Harmienehoeve echt iets voor u! Camping met priv\u00e9 sanitair Juist in deze tijden is priv\u00e9 sanitair de ideale oplossing voor een aangename kampeervakantie. Kamperen met priv\u00e9 sanitair op onze camping in de Achterhoek houdt in [&hellip;]<\/p>\n","protected":false},"author":2,"featured_media":0,"parent":237,"menu_order":0,"comment_status":"closed","ping_status":"closed","template":"","meta":{"_acf_changed":false,"footnotes":""},"class_list":["post-401","page","type-page","status-publish","hentry","wordpress-sticky"],"acf":[],"_links":{"self":[{"href":"https:\/\/www.campingdeharmienehoeve.nl\/de\/wp-json\/wp\/v2\/pages\/401","targetHints":{"allow":["GET"]}}],"collection":[{"href":"https:\/\/www.campingdeharmienehoeve.nl\/de\/wp-json\/wp\/v2\/pages"}],"about":[{"href":"https:\/\/www.campingdeharmienehoeve.nl\/de\/wp-json\/wp\/v2\/types\/page"}],"author":[{"embeddable":true,"href":"https:\/\/www.campingdeharmienehoeve.nl\/de\/wp-json\/wp\/v2\/users\/2"}],"replies":[{"embeddable":true,"href":"https:\/\/www.campingdeharmienehoeve.nl\/de\/wp-json\/wp\/v2\/comments?post=401"}],"version-history":[{"count":0,"href":"https:\/\/www.campingdeharmienehoeve.nl\/de\/wp-json\/wp\/v2\/pages\/401\/revisions"}],"up":[{"embeddable":true,"href":"https:\/\/www.campingdeharmienehoeve.nl\/de\/wp-json\/wp\/v2\/pages\/237"}],"wp:attachment":[{"href":"https:\/\/www.campingdeharmienehoeve.nl\/de\/wp-json\/wp\/v2\/media?parent=401"}],"curies":[{"name":"wp","href":"https:\/\/api.w.org\/{rel}","templated":true}]}}