{"id":396,"date":"2018-06-07T13:02:50","date_gmt":"2018-06-07T11:02:50","guid":{"rendered":"https:\/\/campingdeharmienehoeve.nl\/?page_id=396"},"modified":"2025-01-14T11:18:40","modified_gmt":"2025-01-14T10:18:40","slug":"trekkershutten","status":"publish","type":"page","link":"https:\/\/www.campingdeharmienehoeve.nl\/de\/kamperen\/trekkershutten\/","title":{"rendered":"Wanderh\u00fctte"},"content":{"rendered":"<p>Wer m\u00f6chte nicht von Vogelgezwitscher geweckt werden?<\/p>\n<p>Unsere Wanderh\u00fctten eignen sich besonders als Unterkunft f\u00fcr alle, die gerne unterwegs sind und die Natur mit dem Fahrrad, zu Fu\u00df oder mit dem Auto genie\u00dfen. Sie m\u00fcssen nicht viel Gep\u00e4ck mitbringen, denn das meiste, was Sie brauchen, befindet sich in der Kabine. Denken Sie an ein gutes Bett, warme Decken und Kissen, ein Bettbezug-Set und Sitzgelegenheiten. Nat\u00fcrlich auch Licht und Strom. Sie k\u00f6nnen auch eine Haushaltsbox gegen eine geringe Geb\u00fchr mieten. Es enth\u00e4lt ein Kochfeld, Pfannen, Geschirr und Besteck.<\/p>\n<p>Jede der 3 Wanderh\u00fctten ist aus Holz und hat eine Grundfl\u00e4che von mindestens 9 m<sup>2<\/sup>Die Wanderh\u00fctte bietet Platz f\u00fcr 3 Personen. Die Wanderh\u00fctte verf\u00fcgt \u00fcber 1 Etagenbett, 3 St\u00fchle, einen Tisch und einen Spiegel. Eine Lampe und eine elektrische Heizung (optional) sind ebenfalls vorhanden. Zus\u00e4tzlich gibt es einen Tisch mit 3 St\u00fchlen vor der Wanderh\u00fctte. So k\u00f6nnen Sie Ihre F\u00fc\u00dfe nach einem langen Spaziergang entspannen.<\/p>\n<p>Sie nutzen die beheizten Sanit\u00e4ranlagen des Campingplatzes. Sie k\u00f6nnen auch t\u00e4glich frische Br\u00f6tchen bestellen, die Sie am n\u00e4chsten Morgen abholen k\u00f6nnen. So f\u00e4ngt Ihr Urlaub richtig an! Auch an Wochenenden und Feiertagen k\u00f6nnen Sie alle Leckereien aus unserer Kantine und Imbissschalter genie\u00dfen.<br \/>\nWenn Sie sich vor der Weiterreise entspannen m\u00f6chten, k\u00f6nnen Sie auch ein erfrischendes Bad in unserem Au\u00dfenpool nehmen. Es ist w\u00e4hrend der Sommerzeit ge\u00f6ffnet.<\/p>\n<p>Unsere Wanderh\u00fctten stehen Ihnen von Mitte M\u00e4rz bis Mitte Oktober zur Verf\u00fcgung.<\/p>\n<p>&nbsp;<\/p>\n<p><strong>Hinweis \u2013 Haustiere sind\u00a0<span style=\"text-decoration: underline;\">nicht<\/span> in unseren Wanderh\u00fctten erlaubt.<\/strong><\/p>\n<p><strong>Let op: Pasen, Hemelvaart, Pinksteren en Corpus Christi zijn verplichte arrangementen!<\/strong><br \/>\nDe arrangementen zijn geheel of gedeeltelijk te boeken, maar deze worden in zijn geheel berekend.<\/p>","protected":false},"excerpt":{"rendered":"<p>Wie wil dat nou niet, wakker worden van de kwetterende vogels? Onze trekkershutten zijn bijzonder geschikt als onderkomen voor iedereen die graag rondtrekt en wil genieten van de natuur op de fiets, te voet of met de auto. U hoeft niet veel bagage mee te nemen, want het meeste dat u nodig heeft is aanwezig [&hellip;]<\/p>\n","protected":false},"author":2,"featured_media":473,"parent":237,"menu_order":0,"comment_status":"closed","ping_status":"closed","template":"","meta":{"_acf_changed":false,"footnotes":""},"class_list":["post-396","page","type-page","status-publish","has-post-thumbnail","hentry","wordpress-sticky"],"acf":[],"_links":{"self":[{"href":"https:\/\/www.campingdeharmienehoeve.nl\/de\/wp-json\/wp\/v2\/pages\/396","targetHints":{"allow":["GET"]}}],"collection":[{"href":"https:\/\/www.campingdeharmienehoeve.nl\/de\/wp-json\/wp\/v2\/pages"}],"about":[{"href":"https:\/\/www.campingdeharmienehoeve.nl\/de\/wp-json\/wp\/v2\/types\/page"}],"author":[{"embeddable":true,"href":"https:\/\/www.campingdeharmienehoeve.nl\/de\/wp-json\/wp\/v2\/users\/2"}],"replies":[{"embeddable":true,"href":"https:\/\/www.campingdeharmienehoeve.nl\/de\/wp-json\/wp\/v2\/comments?post=396"}],"version-history":[{"count":0,"href":"https:\/\/www.campingdeharmienehoeve.nl\/de\/wp-json\/wp\/v2\/pages\/396\/revisions"}],"up":[{"embeddable":true,"href":"https:\/\/www.campingdeharmienehoeve.nl\/de\/wp-json\/wp\/v2\/pages\/237"}],"wp:featuredmedia":[{"embeddable":true,"href":"https:\/\/www.campingdeharmienehoeve.nl\/de\/wp-json\/wp\/v2\/media\/473"}],"wp:attachment":[{"href":"https:\/\/www.campingdeharmienehoeve.nl\/de\/wp-json\/wp\/v2\/media?parent=396"}],"curies":[{"name":"wp","href":"https:\/\/api.w.org\/{rel}","templated":true}]}}