{"id":394,"date":"2018-06-07T13:02:35","date_gmt":"2018-06-07T11:02:35","guid":{"rendered":"https:\/\/campingdeharmienehoeve.nl\/?page_id=394"},"modified":"2021-05-20T15:29:48","modified_gmt":"2021-05-20T13:29:48","slug":"jaarplaatsen","status":"publish","type":"page","link":"https:\/\/www.campingdeharmienehoeve.nl\/de\/kamperen\/jaarplaatsen\/","title":{"rendered":"Jahresplatz"},"content":{"rendered":"<p>Auf Camping 'de Harmienehoeve' bieten wir Jahresstellpl\u00e4tze f\u00fcr Mobilheime und\/oder Chalets an. Diese befinden sich auf verschiedenen Feldern. Jeder Stellplatz ist mit Wasser, Strom und Abwasser ausgestattet. Sie k\u00f6nnen auch unser WLAN-Netzwerk nutzen.<br \/>\nDie Jahrespl\u00e4tze sind ger\u00e4umig und von B\u00e4umen und Str\u00e4uchern umgeben. Das gibt Ihnen genug Platz und Privatsph\u00e4re. Das macht einen Jahresstellplatz auf Camping 'de Harmienehoeve' zu einem wunderbaren Ort, um Ihren wohlverdienten Urlaub zu genie\u00dfen.<\/p>\n<p>Wenn Sie weitere Informationen zu einem Jahresplatz w\u00fcnschen, kontaktieren Sie uns bitte.<\/p>\n<p>Sind Sie neugierig auf unsere Jahrespl\u00e4tze? Kommen Sie gerne vorbei, um sich De Harmienehoeve anzusehen. So bekommen Sie einen guten Eindruck von unserem Campingplatz und den Jahresstellpl\u00e4tzen, die wir zu bieten haben. Wir werden Ihnen dann alle notwendigen Informationen zukommen lassen. Es empfiehlt sich, hierf\u00fcr einen Termin zu vereinbaren. Wenn Sie vorab Fragen haben, z\u00f6gern Sie nicht, sie zu stellen.<\/p>\n<p><a class=\"button\" href=\"https:\/\/www.campingdeharmienehoeve.nl\/de\/contact\/\">Zum Kontaktformular<\/a><\/p>","protected":false},"excerpt":{"rendered":"<p>Bij camping \u00b4de Harmienehoeve\u00b4 bieden we 400 jaarplaatsen voor stacaravans aan. Deze zijn gesitueerd op verschillende velden. Elke plaats is voorzien van water, elektra en afvoer. Daarnaast kunt u gebruik maken van ons wifi-netwerk. De jaarplaatsen zijn ruim opgezet en worden omringd door bomen en struiken. Daardoor heeft u genoeg ruimte \u00e9n privacy. Dit maakt [&hellip;]<\/p>\n","protected":false},"author":2,"featured_media":585,"parent":237,"menu_order":0,"comment_status":"closed","ping_status":"closed","template":"","meta":{"_acf_changed":false,"footnotes":""},"class_list":["post-394","page","type-page","status-publish","has-post-thumbnail","hentry","wordpress-sticky"],"acf":[],"_links":{"self":[{"href":"https:\/\/www.campingdeharmienehoeve.nl\/de\/wp-json\/wp\/v2\/pages\/394","targetHints":{"allow":["GET"]}}],"collection":[{"href":"https:\/\/www.campingdeharmienehoeve.nl\/de\/wp-json\/wp\/v2\/pages"}],"about":[{"href":"https:\/\/www.campingdeharmienehoeve.nl\/de\/wp-json\/wp\/v2\/types\/page"}],"author":[{"embeddable":true,"href":"https:\/\/www.campingdeharmienehoeve.nl\/de\/wp-json\/wp\/v2\/users\/2"}],"replies":[{"embeddable":true,"href":"https:\/\/www.campingdeharmienehoeve.nl\/de\/wp-json\/wp\/v2\/comments?post=394"}],"version-history":[{"count":0,"href":"https:\/\/www.campingdeharmienehoeve.nl\/de\/wp-json\/wp\/v2\/pages\/394\/revisions"}],"up":[{"embeddable":true,"href":"https:\/\/www.campingdeharmienehoeve.nl\/de\/wp-json\/wp\/v2\/pages\/237"}],"wp:featuredmedia":[{"embeddable":true,"href":"https:\/\/www.campingdeharmienehoeve.nl\/de\/wp-json\/wp\/v2\/media\/585"}],"wp:attachment":[{"href":"https:\/\/www.campingdeharmienehoeve.nl\/de\/wp-json\/wp\/v2\/media?parent=394"}],"curies":[{"name":"wp","href":"https:\/\/api.w.org\/{rel}","templated":true}]}}