{"id":392,"date":"2018-06-07T13:02:21","date_gmt":"2018-06-07T11:02:21","guid":{"rendered":"https:\/\/campingdeharmienehoeve.nl\/?page_id=392"},"modified":"2025-01-14T11:14:34","modified_gmt":"2025-01-14T10:14:34","slug":"toeristisch-kamperen","status":"publish","type":"page","link":"https:\/\/www.campingdeharmienehoeve.nl\/de\/kamperen\/toeristisch-kamperen\/","title":{"rendered":"Komfortplatz"},"content":{"rendered":"<p>Unsere gro\u00dfz\u00fcgigen Komfortstellpl\u00e4tze haben alle einen wundersch\u00f6nen Blick ins Gr\u00fcne. Sie m\u00f6chten in der N\u00e4he des Spielplatzes oder der Sanit\u00e4ranlagen campen? Geben Sie dann eine bevorzugte Platznummer an.<\/p>\n<ul>\n<li>Wir bieten Ihnen sehr komfortable Stellpl\u00e4tze, die komplett ausgestattet sind.<\/li>\n<li>Ger\u00e4umige Stellpl\u00e4tze ab 100 m\u00b2<\/li>\n<li>Sie k\u00f6nnen einen sonnigen Platz, im Halbschatten oder im Schatten w\u00e4hlen.<\/li>\n<li>1 Auto auf Ihrem Campingplatz<\/li>\n<li>Eigener Wasserhahn<\/li>\n<li>Eigener Abfluss<\/li>\n<li>Strom ab 6 bis 10 Ampere.<\/li>\n<li>Kostenloses WLAN (2 Ger\u00e4te)<\/li>\n<li>Auch Ihr Haustier ist herzlich willkommen, sofern es stets an der Leine gehalten und au\u00dferhalb des Campingplatzes ausgef\u00fchrt wird.<\/li>\n<\/ul>","protected":false},"excerpt":{"rendered":"<p>Onze ruim opgezette comfortplaatsen hebben allemaal een prachtig uitzicht op de groene omgeving. Wilt u graag dicht bij de speeltuin of juist bij het sanitair kamperen? Geef dan een voorkeursplek aan. We bieden u zeer comfortabele plaatsen, die van alle gemakken voorzien zijn. Ruim opgezette plaatsen vanaf 100 m\u00b2 U kunt kiezen voor een zonnige [&hellip;]<\/p>\n","protected":false},"author":2,"featured_media":328,"parent":237,"menu_order":0,"comment_status":"closed","ping_status":"closed","template":"","meta":{"_acf_changed":false,"footnotes":""},"class_list":["post-392","page","type-page","status-publish","has-post-thumbnail","hentry","wordpress-sticky"],"acf":[],"_links":{"self":[{"href":"https:\/\/www.campingdeharmienehoeve.nl\/de\/wp-json\/wp\/v2\/pages\/392","targetHints":{"allow":["GET"]}}],"collection":[{"href":"https:\/\/www.campingdeharmienehoeve.nl\/de\/wp-json\/wp\/v2\/pages"}],"about":[{"href":"https:\/\/www.campingdeharmienehoeve.nl\/de\/wp-json\/wp\/v2\/types\/page"}],"author":[{"embeddable":true,"href":"https:\/\/www.campingdeharmienehoeve.nl\/de\/wp-json\/wp\/v2\/users\/2"}],"replies":[{"embeddable":true,"href":"https:\/\/www.campingdeharmienehoeve.nl\/de\/wp-json\/wp\/v2\/comments?post=392"}],"version-history":[{"count":0,"href":"https:\/\/www.campingdeharmienehoeve.nl\/de\/wp-json\/wp\/v2\/pages\/392\/revisions"}],"up":[{"embeddable":true,"href":"https:\/\/www.campingdeharmienehoeve.nl\/de\/wp-json\/wp\/v2\/pages\/237"}],"wp:featuredmedia":[{"embeddable":true,"href":"https:\/\/www.campingdeharmienehoeve.nl\/de\/wp-json\/wp\/v2\/media\/328"}],"wp:attachment":[{"href":"https:\/\/www.campingdeharmienehoeve.nl\/de\/wp-json\/wp\/v2\/media?parent=392"}],"curies":[{"name":"wp","href":"https:\/\/api.w.org\/{rel}","templated":true}]}}