{"id":355,"date":"2018-05-18T16:44:53","date_gmt":"2018-05-18T14:44:53","guid":{"rendered":"https:\/\/campingdeharmienehoeve.nl\/?page_id=355"},"modified":"2021-07-05T11:58:21","modified_gmt":"2021-07-05T09:58:21","slug":"snackbar","status":"publish","type":"page","link":"https:\/\/www.campingdeharmienehoeve.nl\/de\/voorzieningen\/snackbar\/","title":{"rendered":"Imbiss Schalter"},"content":{"rendered":"<p>Wenn Sie nach einer ausgiebigen Radtour oder Wanderung Lust auf etwas Leckeres haben, sind Sie bei unserem Imbiss genau richtig!<\/p>\n<p>Wir bieten Ihnen ein kleines Sortiment und gem\u00fctliche Sitzgelegenheiten, sowohl drinnen als auch drau\u00dfen.<\/p>\n<p>Wir haben in den Ferien ge\u00f6ffnet. Au\u00dferhalb der Ferien haben wir ab Ostern nur am Wochenende ge\u00f6ffnet. Kommen Sie vorbei f\u00fcr die genauen \u00d6ffnungszeiten.<\/p>\n<p>&nbsp;<\/p>","protected":false},"excerpt":{"rendered":"<p>Wanneer u na een lange fiets of wandel tocht trek heeft in iets lekkers, bent u bij onze snackbar aan het juiste adres! We bieden u een ruim assortiment en gezellige zitplaatsen, zowel\u00a0binnen\u00a0als buiten. We zijn geopend gedurende de vakanties. Buiten de vakanties zijn we alleen vanaf Pasen in het weekend geopend. Kom even langs [&hellip;]<\/p>\n","protected":false},"author":2,"featured_media":595,"parent":239,"menu_order":0,"comment_status":"closed","ping_status":"closed","template":"","meta":{"_acf_changed":false,"footnotes":""},"class_list":["post-355","page","type-page","status-publish","has-post-thumbnail","hentry","wordpress-sticky"],"acf":[],"_links":{"self":[{"href":"https:\/\/www.campingdeharmienehoeve.nl\/de\/wp-json\/wp\/v2\/pages\/355","targetHints":{"allow":["GET"]}}],"collection":[{"href":"https:\/\/www.campingdeharmienehoeve.nl\/de\/wp-json\/wp\/v2\/pages"}],"about":[{"href":"https:\/\/www.campingdeharmienehoeve.nl\/de\/wp-json\/wp\/v2\/types\/page"}],"author":[{"embeddable":true,"href":"https:\/\/www.campingdeharmienehoeve.nl\/de\/wp-json\/wp\/v2\/users\/2"}],"replies":[{"embeddable":true,"href":"https:\/\/www.campingdeharmienehoeve.nl\/de\/wp-json\/wp\/v2\/comments?post=355"}],"version-history":[{"count":0,"href":"https:\/\/www.campingdeharmienehoeve.nl\/de\/wp-json\/wp\/v2\/pages\/355\/revisions"}],"up":[{"embeddable":true,"href":"https:\/\/www.campingdeharmienehoeve.nl\/de\/wp-json\/wp\/v2\/pages\/239"}],"wp:featuredmedia":[{"embeddable":true,"href":"https:\/\/www.campingdeharmienehoeve.nl\/de\/wp-json\/wp\/v2\/media\/595"}],"wp:attachment":[{"href":"https:\/\/www.campingdeharmienehoeve.nl\/de\/wp-json\/wp\/v2\/media?parent=355"}],"curies":[{"name":"wp","href":"https:\/\/api.w.org\/{rel}","templated":true}]}}