{"id":353,"date":"2018-05-18T16:43:58","date_gmt":"2018-05-18T14:43:58","guid":{"rendered":"https:\/\/campingdeharmienehoeve.nl\/?page_id=353"},"modified":"2022-09-26T09:26:34","modified_gmt":"2022-09-26T07:26:34","slug":"kantine","status":"publish","type":"page","link":"https:\/\/www.campingdeharmienehoeve.nl\/de\/voorzieningen\/kantine\/","title":{"rendered":"Kantine"},"content":{"rendered":"<p>In unserer Kantine sind Sie herzlich willkommen. Es ist das Zentrum des Campingplatzes. Die Kantine zeichnet sich durch\u00a0authentische Details aus. Sie k\u00f6nnen eine Tasse Kaffee oder ein gek\u00fchltes Glas Limonade, Bier oder Wein genie\u00dfen.<\/p>\n<p>Von April bis September haben wir nur an Wochenenden und in den Ferien ge\u00f6ffnet. Kommen Sie vorbei f\u00fcr die genauen \u00d6ffnungszeiten.<\/p>","protected":false},"excerpt":{"rendered":"<p>In ons\u00a0Camping Caf\u00e9\u00a0bent u van harte welkom. Het is het middelpunt van de camping. Het caf\u00e9 word gekenmerkt door\u00a0authentieke details. U kunt genieten van\u00a0een kop koffie\u00a0of\u00a0gekoeld glas\u00a0fris, bier of wijn. We zijn alleen tot en met september in de weekeinden en vakanties geopend. Kom even langs voor de exacte openingstijden.<\/p>","protected":false},"author":2,"featured_media":588,"parent":239,"menu_order":0,"comment_status":"closed","ping_status":"closed","template":"","meta":{"_acf_changed":false,"footnotes":""},"class_list":["post-353","page","type-page","status-publish","has-post-thumbnail","hentry","wordpress-sticky"],"acf":[],"_links":{"self":[{"href":"https:\/\/www.campingdeharmienehoeve.nl\/de\/wp-json\/wp\/v2\/pages\/353","targetHints":{"allow":["GET"]}}],"collection":[{"href":"https:\/\/www.campingdeharmienehoeve.nl\/de\/wp-json\/wp\/v2\/pages"}],"about":[{"href":"https:\/\/www.campingdeharmienehoeve.nl\/de\/wp-json\/wp\/v2\/types\/page"}],"author":[{"embeddable":true,"href":"https:\/\/www.campingdeharmienehoeve.nl\/de\/wp-json\/wp\/v2\/users\/2"}],"replies":[{"embeddable":true,"href":"https:\/\/www.campingdeharmienehoeve.nl\/de\/wp-json\/wp\/v2\/comments?post=353"}],"version-history":[{"count":0,"href":"https:\/\/www.campingdeharmienehoeve.nl\/de\/wp-json\/wp\/v2\/pages\/353\/revisions"}],"up":[{"embeddable":true,"href":"https:\/\/www.campingdeharmienehoeve.nl\/de\/wp-json\/wp\/v2\/pages\/239"}],"wp:featuredmedia":[{"embeddable":true,"href":"https:\/\/www.campingdeharmienehoeve.nl\/de\/wp-json\/wp\/v2\/media\/588"}],"wp:attachment":[{"href":"https:\/\/www.campingdeharmienehoeve.nl\/de\/wp-json\/wp\/v2\/media?parent=353"}],"curies":[{"name":"wp","href":"https:\/\/api.w.org\/{rel}","templated":true}]}}