{"id":349,"date":"2018-05-18T16:43:18","date_gmt":"2018-05-18T14:43:18","guid":{"rendered":"https:\/\/campingdeharmienehoeve.nl\/?page_id=349"},"modified":"2021-04-14T13:40:34","modified_gmt":"2021-04-14T11:40:34","slug":"zwembad","status":"publish","type":"page","link":"https:\/\/www.campingdeharmienehoeve.nl\/de\/voorzieningen\/zwembad\/","title":{"rendered":"Schwimmbad"},"content":{"rendered":"<p>Es gibt ein Schwimmbad und ein Planschbecken f\u00fcr die Kleineren. Diese sind durch einen Zaun getrennt. Dies dient der Sicherheit der Kinder. Ideal zur Abk\u00fchlung an hei\u00dfen Tagen. Das Schwimmbad ist von Pfingsten bis September ge\u00f6ffnet<\/p>","protected":false},"excerpt":{"rendered":"<p>Es gibt ein Schwimmbad und ein Planschbecken f\u00fcr die Kleineren. Diese sind durch einen Zaun getrennt. Dies dient der Sicherheit der Kinder. Ideal zur Abk\u00fchlung an hei\u00dfen Tagen. Das Schwimmbad ist von Pfingsten bis September ge\u00f6ffnet<\/p>","protected":false},"author":2,"featured_media":477,"parent":239,"menu_order":0,"comment_status":"closed","ping_status":"closed","template":"","meta":{"_acf_changed":false,"footnotes":""},"class_list":["post-349","page","type-page","status-publish","has-post-thumbnail","hentry","wordpress-sticky"],"acf":[],"_links":{"self":[{"href":"https:\/\/www.campingdeharmienehoeve.nl\/de\/wp-json\/wp\/v2\/pages\/349","targetHints":{"allow":["GET"]}}],"collection":[{"href":"https:\/\/www.campingdeharmienehoeve.nl\/de\/wp-json\/wp\/v2\/pages"}],"about":[{"href":"https:\/\/www.campingdeharmienehoeve.nl\/de\/wp-json\/wp\/v2\/types\/page"}],"author":[{"embeddable":true,"href":"https:\/\/www.campingdeharmienehoeve.nl\/de\/wp-json\/wp\/v2\/users\/2"}],"replies":[{"embeddable":true,"href":"https:\/\/www.campingdeharmienehoeve.nl\/de\/wp-json\/wp\/v2\/comments?post=349"}],"version-history":[{"count":0,"href":"https:\/\/www.campingdeharmienehoeve.nl\/de\/wp-json\/wp\/v2\/pages\/349\/revisions"}],"up":[{"embeddable":true,"href":"https:\/\/www.campingdeharmienehoeve.nl\/de\/wp-json\/wp\/v2\/pages\/239"}],"wp:featuredmedia":[{"embeddable":true,"href":"https:\/\/www.campingdeharmienehoeve.nl\/de\/wp-json\/wp\/v2\/media\/477"}],"wp:attachment":[{"href":"https:\/\/www.campingdeharmienehoeve.nl\/de\/wp-json\/wp\/v2\/media?parent=349"}],"curies":[{"name":"wp","href":"https:\/\/api.w.org\/{rel}","templated":true}]}}