{"id":1631,"date":"2022-12-27T14:30:00","date_gmt":"2022-12-27T13:30:00","guid":{"rendered":"https:\/\/campingdeharmienehoeve.nl\/?page_id=1631"},"modified":"2025-04-10T16:29:00","modified_gmt":"2025-04-10T14:29:00","slug":"mobilehomechaletachterhoek","status":"publish","type":"page","link":"https:\/\/www.campingdeharmienehoeve.nl\/de\/huren\/mobilehomechaletachterhoek\/","title":{"rendered":"Mobilehomes"},"content":{"rendered":"<p>Camping De Harmienehoeve bietet Ihnen die M\u00f6glichkeit, das typische Campinggef\u00fchl zu genie\u00dfen, aber ohne auf einer Matte zu schlafen und zum Toilettenblock laufen zu m\u00fcssen. Wenn Sie eines unserer Mobilehomes buchen, werden Sie auf unserem Campingplatz definitiv stilvoll schlafen!<\/p>\n<p>Die gem\u00fctlichen Mobilhomes stehen Ihrem Eigenheim in nichts nach. Nur diese sind in einer sehr sch\u00f6nen Ferienlage! Die Kinder k\u00f6nnen auf dem Spielplatz oder beim Schwimmen Freundschaften schlie\u00dfen, w\u00e4hrend Sie Ihr Buch lesen und gleichzeitig die Sonne genie\u00dfen.<\/p>\n<p>&nbsp;<\/p>\n<div class=\"rl-gallery-container rl-loading\" id=\"rl-gallery-container-1\" data-gallery_id=\"1678\"> <div class=\"rl-gallery rl-basicgrid-gallery\" id=\"rl-gallery-1\" data-gallery_no=\"1\"> <div class=\"rl-gallery-item\"><a href=\"https:\/\/www.campingdeharmienehoeve.nl\/wp-content\/uploads\/2022\/11\/campingdrukformaat-20.jpg\" title=\"\" data-rl_title=\"\" class=\"rl-gallery-link\" data-rl_caption=\"\" data-rel=\"lightbox-gallery-1\"><img loading=\"lazy\" decoding=\"async\" src=\"https:\/\/www.campingdeharmienehoeve.nl\/wp-content\/uploads\/2022\/11\/campingdrukformaat-20-300x200.jpg\" width=\"300\" height=\"200\" alt=\"\" \/><\/a><\/div><div class=\"rl-gallery-item\"><a href=\"https:\/\/www.campingdeharmienehoeve.nl\/wp-content\/uploads\/2022\/11\/campingdrukformaat-22.jpg\" title=\"\" data-rl_title=\"\" class=\"rl-gallery-link\" data-rl_caption=\"\" data-rel=\"lightbox-gallery-1\"><img loading=\"lazy\" decoding=\"async\" src=\"https:\/\/www.campingdeharmienehoeve.nl\/wp-content\/uploads\/2022\/11\/campingdrukformaat-22-300x200.jpg\" width=\"300\" height=\"200\" alt=\"\" \/><\/a><\/div><div class=\"rl-gallery-item\"><a href=\"https:\/\/www.campingdeharmienehoeve.nl\/wp-content\/uploads\/2022\/11\/campingdrukformaat-19.jpg\" title=\"\" data-rl_title=\"\" class=\"rl-gallery-link\" data-rl_caption=\"\" data-rel=\"lightbox-gallery-1\"><img loading=\"lazy\" decoding=\"async\" src=\"https:\/\/www.campingdeharmienehoeve.nl\/wp-content\/uploads\/2022\/11\/campingdrukformaat-19-300x200.jpg\" width=\"300\" height=\"200\" alt=\"\" \/><\/a><\/div><div class=\"rl-gallery-item\"><a href=\"https:\/\/www.campingdeharmienehoeve.nl\/wp-content\/uploads\/2022\/11\/campingdrukformaat-18.jpg\" title=\"\" data-rl_title=\"\" class=\"rl-gallery-link\" data-rl_caption=\"\" data-rel=\"lightbox-gallery-1\"><img loading=\"lazy\" decoding=\"async\" src=\"https:\/\/www.campingdeharmienehoeve.nl\/wp-content\/uploads\/2022\/11\/campingdrukformaat-18-300x200.jpg\" width=\"300\" height=\"200\" alt=\"\" \/><\/a><\/div><div class=\"rl-gallery-item\"><a href=\"https:\/\/www.campingdeharmienehoeve.nl\/wp-content\/uploads\/2022\/11\/campingdrukformaat-12.jpg\" title=\"\" data-rl_title=\"\" class=\"rl-gallery-link\" data-rl_caption=\"\" data-rel=\"lightbox-gallery-1\"><img loading=\"lazy\" decoding=\"async\" src=\"https:\/\/www.campingdeharmienehoeve.nl\/wp-content\/uploads\/2022\/11\/campingdrukformaat-12-300x200.jpg\" width=\"300\" height=\"200\" alt=\"\" \/><\/a><\/div><div class=\"rl-gallery-item\"><a href=\"https:\/\/www.campingdeharmienehoeve.nl\/wp-content\/uploads\/2022\/11\/campingdrukformaat-10-e1672152770755.jpg\" title=\"\" data-rl_title=\"\" class=\"rl-gallery-link\" data-rl_caption=\"\" data-rel=\"lightbox-gallery-1\"><img loading=\"lazy\" decoding=\"async\" src=\"https:\/\/www.campingdeharmienehoeve.nl\/wp-content\/uploads\/2022\/11\/campingdrukformaat-10-e1672152770755-300x200.jpg\" width=\"300\" height=\"200\" alt=\"\" \/><\/a><\/div><div class=\"rl-gallery-item\"><a href=\"https:\/\/www.campingdeharmienehoeve.nl\/wp-content\/uploads\/2022\/11\/campingdrukformaat-6.jpg\" title=\"\" data-rl_title=\"\" class=\"rl-gallery-link\" data-rl_caption=\"\" data-rel=\"lightbox-gallery-1\"><img loading=\"lazy\" decoding=\"async\" src=\"https:\/\/www.campingdeharmienehoeve.nl\/wp-content\/uploads\/2022\/11\/campingdrukformaat-6-300x200.jpg\" width=\"300\" height=\"200\" alt=\"\" \/><\/a><\/div> <\/div> <\/div>\n<p>Die Fotos dienen der Illustration und k\u00f6nnen von Ihrem Wohnmobil abweichen.<\/p>\n<p><a class=\"button\" href=\"https:\/\/www.campingdeharmienehoeve.nl\/de\/boek-nu\/\">Verf\u00fcgbarkeit und Preise anzeigen<\/a><\/p>","protected":false},"excerpt":{"rendered":"<p>Camping De Harmienehoeve biedt u de mogelijkheid w\u00e9l te genieten van het typische camping gevoel, maar dan zonder het slapen op een matje en moeten lopen naar het toiletgebouw. Door \u00e9\u00e9n van onze mobilehomes te reserveren slaapt u absoluut in stijl op onze camping! De knusse mobilehomes doen niet onder voor uw eigen huis. Alleen [&hellip;]<\/p>\n","protected":false},"author":2,"featured_media":1670,"parent":750,"menu_order":0,"comment_status":"closed","ping_status":"closed","template":"","meta":{"_acf_changed":false,"footnotes":""},"class_list":["post-1631","page","type-page","status-publish","has-post-thumbnail","hentry","wordpress-sticky"],"acf":[],"_links":{"self":[{"href":"https:\/\/www.campingdeharmienehoeve.nl\/de\/wp-json\/wp\/v2\/pages\/1631","targetHints":{"allow":["GET"]}}],"collection":[{"href":"https:\/\/www.campingdeharmienehoeve.nl\/de\/wp-json\/wp\/v2\/pages"}],"about":[{"href":"https:\/\/www.campingdeharmienehoeve.nl\/de\/wp-json\/wp\/v2\/types\/page"}],"author":[{"embeddable":true,"href":"https:\/\/www.campingdeharmienehoeve.nl\/de\/wp-json\/wp\/v2\/users\/2"}],"replies":[{"embeddable":true,"href":"https:\/\/www.campingdeharmienehoeve.nl\/de\/wp-json\/wp\/v2\/comments?post=1631"}],"version-history":[{"count":0,"href":"https:\/\/www.campingdeharmienehoeve.nl\/de\/wp-json\/wp\/v2\/pages\/1631\/revisions"}],"up":[{"embeddable":true,"href":"https:\/\/www.campingdeharmienehoeve.nl\/de\/wp-json\/wp\/v2\/pages\/750"}],"wp:featuredmedia":[{"embeddable":true,"href":"https:\/\/www.campingdeharmienehoeve.nl\/de\/wp-json\/wp\/v2\/media\/1670"}],"wp:attachment":[{"href":"https:\/\/www.campingdeharmienehoeve.nl\/de\/wp-json\/wp\/v2\/media?parent=1631"}],"curies":[{"name":"wp","href":"https:\/\/api.w.org\/{rel}","templated":true}]}}